{"id":769,"date":"2024-05-27T17:49:12","date_gmt":"2024-05-27T23:49:12","guid":{"rendered":"https:\/\/balam-ku-mx.com\/?page_id=769"},"modified":"2025-08-29T13:06:46","modified_gmt":"2025-08-29T19:06:46","slug":"xplor-fuego","status":"publish","type":"page","link":"https:\/\/balam-ku-mx.com\/en\/xplor-fuego\/","title":{"rendered":"Xplor Fuego"},"content":{"rendered":"<div data-elementor-type=\"wp-page\" data-elementor-id=\"769\" class=\"elementor elementor-769\" data-elementor-post-type=\"page\">\n\t\t\t\t<div class=\"elementor-element elementor-element-3df55a6 e-flex e-con-boxed e-con e-parent\" data-id=\"3df55a6\" data-element_type=\"container\" data-e-type=\"container\" data-settings=\"{&quot;background_background&quot;:&quot;classic&quot;}\">\n\t\t\t\t\t<div class=\"e-con-inner\">\n\t\t<div class=\"elementor-element elementor-element-490350a e-con-full e-flex e-con e-child\" data-id=\"490350a\" data-element_type=\"container\" data-e-type=\"container\">\n\t\t\t\t<div class=\"elementor-element elementor-element-1fb26a5 elementor-invisible elementor-widget elementor-widget-heading\" data-id=\"1fb26a5\" data-element_type=\"widget\" data-e-type=\"widget\" data-settings=\"{&quot;_animation&quot;:&quot;fadeInUp&quot;}\" data-widget_type=\"heading.default\">\n\t\t\t\t<div class=\"elementor-widget-container\">\n\t\t\t\t\t<h2 class=\"elementor-heading-title elementor-size-default\">Xplor Fuego<\/h2>\t\t\t\t<\/div>\n\t\t\t\t<\/div>\n\t\t\t\t<div class=\"elementor-element elementor-element-cf93f05 animated-slow elementor-invisible elementor-widget elementor-widget-text-editor\" data-id=\"cf93f05\" data-element_type=\"widget\" data-e-type=\"widget\" data-settings=\"{&quot;_animation&quot;:&quot;fadeInUp&quot;}\" data-widget_type=\"text-editor.default\">\n\t\t\t\t<div class=\"elementor-widget-container\">\n\t\t\t\t\t\t\t\t\t<p>Atr\u00e9vete a vivir la aventura de noche en Xplor Fuego,\u00a0 Vive la emoci\u00f3n de Toboganxote, el \u00fanico tobog\u00e1n 5 en 1 en el mundo que termina en una piscina de olas. S\u00fabete a un veh\u00edculo anfibio y recorre la selva, vuela por el cielo estrellado en tirolesas, explora el mundo subterr\u00e1neo de la Riviera Maya por r\u00edos de estalactitas nadando o en balsas y hamacuatiza en las aguas de un cenote. Para terminar, en Xplor Fuego las actividades de aventura se acompa\u00f1an con el buffet ilimitado en el restaurante el Troglodita para recuperar fuerzas.<\/p>\t\t\t\t\t\t\t\t<\/div>\n\t\t\t\t<\/div>\n\t\t\t\t<div class=\"elementor-element elementor-element-417c752 elementor-widget elementor-widget-button\" data-id=\"417c752\" data-element_type=\"widget\" data-e-type=\"widget\" data-widget_type=\"button.default\">\n\t\t\t\t<div class=\"elementor-widget-container\">\n\t\t\t\t\t\t\t\t\t<div class=\"elementor-button-wrapper\">\n\t\t\t\t\t<a class=\"elementor-button elementor-button-link elementor-size-sm elementor-animation-grow\" href=\"https:\/\/balam-ku-mx.com\/reserva\/?ameliaCategoryId=23\">\n\t\t\t\t\t\t<span class=\"elementor-button-content-wrapper\">\n\t\t\t\t\t\t\t\t\t<span class=\"elementor-button-text\">BOOK NOW<\/span>\n\t\t\t\t\t<\/span>\n\t\t\t\t\t<\/a>\n\t\t\t\t<\/div>\n\t\t\t\t\t\t\t\t<\/div>\n\t\t\t\t<\/div>\n\t\t\t\t<div class=\"elementor-element elementor-element-b5c9d57 elementor-widget elementor-widget-spacer\" data-id=\"b5c9d57\" data-element_type=\"widget\" data-e-type=\"widget\" data-widget_type=\"spacer.default\">\n\t\t\t\t<div class=\"elementor-widget-container\">\n\t\t\t\t\t\t\t<div class=\"elementor-spacer\">\n\t\t\t<div class=\"elementor-spacer-inner\"><\/div>\n\t\t<\/div>\n\t\t\t\t\t\t<\/div>\n\t\t\t\t<\/div>\n\t\t<div class=\"elementor-element elementor-element-e38f7d3 e-grid e-con-full e-con e-child\" data-id=\"e38f7d3\" data-element_type=\"container\" data-e-type=\"container\">\n\t\t<div class=\"elementor-element elementor-element-96a6526 e-con-full e-flex e-con e-child\" data-id=\"96a6526\" data-element_type=\"container\" data-e-type=\"container\" data-settings=\"{&quot;background_background&quot;:&quot;classic&quot;}\">\n\t\t\t\t<div class=\"elementor-element elementor-element-2e24b2e elementor-invisible elementor-widget elementor-widget-heading\" data-id=\"2e24b2e\" data-element_type=\"widget\" data-e-type=\"widget\" data-settings=\"{&quot;_animation&quot;:&quot;fadeInUp&quot;}\" data-widget_type=\"heading.default\">\n\t\t\t\t<div class=\"elementor-widget-container\">\n\t\t\t\t\t<h3 class=\"elementor-heading-title elementor-size-default\">Prices<\/h3>\t\t\t\t<\/div>\n\t\t\t\t<\/div>\n\t\t\t\t<div class=\"elementor-element elementor-element-cbe8cce animated-slow elementor-list-item-link-full_width elementor-invisible elementor-widget elementor-widget-icon-list\" data-id=\"cbe8cce\" data-element_type=\"widget\" data-e-type=\"widget\" data-settings=\"{&quot;_animation&quot;:&quot;fadeInUp&quot;}\" data-widget_type=\"icon-list.default\">\n\t\t\t\t<div class=\"elementor-widget-container\">\n\t\t\t\t\t\t\t<ul class=\"elementor-icon-list-items\">\n\t\t\t\t\t\t\t<li class=\"elementor-icon-list-item\">\n\t\t\t\t\t\t\t\t\t\t\t<span class=\"elementor-icon-list-icon\">\n\t\t\t\t\t\t\t<svg xmlns=\"http:\/\/www.w3.org\/2000\/svg\" id=\"Layer_1\" height=\"512\" viewbox=\"0 0 177.525 233.779\" width=\"512\"><g><path d=\"m97.649 223.779c0 5.523 4.477 10 10 10 5.521 0 10-4.477 10-10v-49.544c-7.704-.098-14.383-.855-20-1.898z\"><\/path><path d=\"m120.983 223.779c0 5.523 4.475 10 10 10 5.52 0 10-4.477 10-10v-51.442c-5.617 1.043-12.295 1.801-20 1.898z\"><\/path><path d=\"m154.23 68.041c-8.417-9.855-16.515-12.007-18.704-12.36-.484-.119-1.322-.32-2.422-.551-3.891 2.817-8.653 4.458-13.77 4.458-1.789 0-3.588-.207-5.344-.617-3.096-.721-5.953-2.034-8.452-3.844-1.104.231-1.948.434-2.433.554-1.967.317-8.709 2.106-16.162 9.613 1.945 4.13 3.549 8.923 4.822 14.401.477-.662.947-1.284 1.412-1.868l-.876 4.303c2.095 10.113 3.145 22.408 3.165 37.099-.002 6.168-.191 12.816-.564 19.764-.301 5.572-4.904 9.938-10.481 9.938-.184 0-.365-.004-.549-.014-1.779-.097-3.43-.634-4.855-1.493l-3.035 14.913s.186.109.533.297c2.873 1.546 17.535 8.703 42.799 8.703 25.266 0 39.93-7.157 42.802-8.703.347-.188.532-.297.532-.297l-17.19-84.497c.082.102.16.191.242.295 6.715 8.586 14.768 25.152 18.879 56.378.471 3.559 3.734 6.064 7.295 5.595 3.559-.47 6.064-3.734 5.595-7.294-4.611-34.938-14.097-54.12-23.239-64.773z\"><\/path><ellipse cx=\"119.317\" cy=\"36.088\" rx=\"21.496\" ry=\"21.495\" transform=\"matrix(.227 -.974 .974 .227 57.109 144.112)\"><\/ellipse><path d=\"m71.237 126.82v-1.381h-50v1.381 93.578c0 6.313 5.117 11.428 11.428 11.428s11.43-5.115 11.43-11.428v-85.85h4.285v85.85c0 6.313 5.117 11.428 11.428 11.428s11.43-5.115 11.43-11.428v-93.578z\"><\/path><path d=\"m84.015 145.918c.137.008.271.012.408.012 3.959 0 7.268-3.1 7.484-7.098.381-7.113.559-13.627.561-19.598-.043-30.236-4.416-46.684-10.256-56.51-2.924-4.885-6.355-8.051-9.617-9.844-3.256-1.813-6.184-2.188-7.816-2.178-.154 0-.277.006-.408.012-.094-.004-.184-.016-.277-.016h-6.215c-.896 9.097-11.433 16.282-11.433 16.282s-10.537-7.186-11.434-16.281h-6.632c-.094 0-.186.012-.277.016-.133-.006-.258-.012-.412-.012-1.633-.01-4.563.367-7.816 2.178-4.943 2.717-10.051 8.41-13.683 18.564-3.672 10.207-6.182 25.098-6.192 47.789 0 5.971.178 12.486.564 19.6.215 3.998 3.526 7.096 7.483 7.096.137 0 .274-.004.413-.012 4.134-.225 7.304-3.76 7.081-7.896-.373-6.869-.545-13.113-.543-18.787-.034-23.975 3.087-37.735 6.239-45.092v38.162 8.854h50v-8.854-38.112c.045.102.088.191.133.297 3.129 7.418 6.113 21.154 6.096 44.744.002 5.676-.168 11.922-.537 18.791-.225 4.137 2.949 7.668 7.086 7.893z\"><\/path><path d=\"m35.907 42.486c3.094 1.604 6.604 2.514 10.328 2.514 3.871 0 7.512-.979 10.691-2.697 7.034-3.805 11.809-11.244 11.809-19.803 0-12.426-10.072-22.5-22.5-22.5-12.426 0-22.5 10.074-22.5 22.5 0 8.703 4.944 16.244 12.172 19.986z\"><\/path><\/g><\/svg>\t\t\t\t\t\t<\/span>\n\t\t\t\t\t\t\t\t\t\t<span class=\"elementor-icon-list-text\">Precio 163 USD<\/span>\n\t\t\t\t\t\t\t\t\t<\/li>\n\t\t\t\t\t\t<\/ul>\n\t\t\t\t\t\t<\/div>\n\t\t\t\t<\/div>\n\t\t\t\t<div class=\"elementor-element elementor-element-19a31bf animated-slow elementor-invisible elementor-widget elementor-widget-text-editor\" data-id=\"19a31bf\" data-element_type=\"widget\" data-e-type=\"widget\" data-settings=\"{&quot;_animation&quot;:&quot;fadeInUp&quot;}\" data-widget_type=\"text-editor.default\">\n\t\t\t\t<div class=\"elementor-widget-container\">\n\t\t\t\t\t\t\t\t\t<p><strong>Horario<\/strong>: De lunes a s\u00e1bado, de 5:30 p.m. a 11:00 p.m. Sujeto a cambios por disposici\u00f3n oficial.<\/p><p><strong>Edad m\u00ednima<\/strong>: a partir de 5 a\u00f1os.<\/p><p><strong>Ni\u00f1os<\/strong>: 25% de descuento de 5 a 11 a\u00f1os sobre el precio de adulto. Menores de 4 a\u00f1os gratis.<\/p><p><em>Indispensable presentar identificaci\u00f3n en las taquillas del parque.<\/em><\/p>\t\t\t\t\t\t\t\t<\/div>\n\t\t\t\t<\/div>\n\t\t\t\t<\/div>\n\t\t<div class=\"elementor-element elementor-element-c34764e e-con-full e-flex e-con e-child\" data-id=\"c34764e\" data-element_type=\"container\" data-e-type=\"container\" data-settings=\"{&quot;background_background&quot;:&quot;classic&quot;}\">\n\t\t\t\t<div class=\"elementor-element elementor-element-678bb3f elementor-invisible elementor-widget elementor-widget-heading\" data-id=\"678bb3f\" data-element_type=\"widget\" data-e-type=\"widget\" data-settings=\"{&quot;_animation&quot;:&quot;fadeInUp&quot;}\" data-widget_type=\"heading.default\">\n\t\t\t\t<div class=\"elementor-widget-container\">\n\t\t\t\t\t<h3 class=\"elementor-heading-title elementor-size-default\">What\u2019s Included?<\/h3>\t\t\t\t<\/div>\n\t\t\t\t<\/div>\n\t\t\t\t<div class=\"elementor-element elementor-element-7c4d4d3 animated-slow elementor-invisible elementor-widget elementor-widget-text-editor\" data-id=\"7c4d4d3\" data-element_type=\"widget\" data-e-type=\"widget\" data-settings=\"{&quot;_animation&quot;:&quot;fadeInUp&quot;}\" data-widget_type=\"text-editor.default\">\n\t\t\t\t<div class=\"elementor-widget-container\">\n\t\t\t\t\t\t\t\t\t<ul>\n<li><em>Un circuito de siete tirolesas que incluye la tirolesa m\u00e1s alta de la Riviera Maya.<\/em><\/li>\n<li><em>Recorrido de 5 km por la selva en veh\u00edculos anfibios.<\/em><\/li>\n<li><em>Ingreso al Toboganxote<\/em><\/li>\n<li><em>Nado por 350 m en un r\u00edo de estalactitas.<\/em><\/li>\n<li><em>Recorrido a bordo de balsas remando con las manos a trav\u00e9s de 570 metros de cavernas subterr\u00e1neas.<\/em><\/li>\n<li><em>Entrada a Toboganxote.<\/em><\/li>\n<li><em>Caminata por cavernas.<\/em><\/li>\n<li><em>Cena buffet de costillitas (tambi\u00e9n hay opciones para vegetarianos).<\/em><\/li>\n<li><em>Bebidas sin alcohol ilimitadas (caf\u00e9, atole, champurrado y aguas frescas).<\/em><\/li>\n<li><em>Uso de casillero para dos personas.<\/em><\/li>\n<li><em>\u00c1reas de descanso, vestidores y ba\u00f1os.<\/em><\/li>\n<li><em>Otros servicios (WiFi, cajeros autom\u00e1ticos y tiendas con costo adicional).<\/em><\/li>\n<li><em>Estacionamiento gratuito.<\/em><\/li>\n<\/ul>\t\t\t\t\t\t\t\t<\/div>\n\t\t\t\t<\/div>\n\t\t\t\t<\/div>\n\t\t\t\t<\/div>\n\t\t\t\t<div class=\"elementor-element elementor-element-194ae5e elementor-widget elementor-widget-spacer\" data-id=\"194ae5e\" data-element_type=\"widget\" data-e-type=\"widget\" data-widget_type=\"spacer.default\">\n\t\t\t\t<div class=\"elementor-widget-container\">\n\t\t\t\t\t\t\t<div class=\"elementor-spacer\">\n\t\t\t<div class=\"elementor-spacer-inner\"><\/div>\n\t\t<\/div>\n\t\t\t\t\t\t<\/div>\n\t\t\t\t<\/div>\n\t\t\t\t<div class=\"elementor-element elementor-element-6b8ade7 animated-slow elementor-invisible elementor-widget elementor-widget-accordion\" data-id=\"6b8ade7\" data-element_type=\"widget\" data-e-type=\"widget\" data-settings=\"{&quot;_animation&quot;:&quot;fadeInUp&quot;}\" data-widget_type=\"accordion.default\">\n\t\t\t\t<div class=\"elementor-widget-container\">\n\t\t\t\t\t\t\t<div class=\"elementor-accordion\">\n\t\t\t\t\t\t\t<div class=\"elementor-accordion-item\">\n\t\t\t\t\t<div id=\"elementor-tab-title-1121\" class=\"elementor-tab-title\" data-tab=\"1\" role=\"button\" aria-controls=\"elementor-tab-content-1121\" aria-expanded=\"false\">\n\t\t\t\t\t\t\t\t\t\t\t\t\t<span class=\"elementor-accordion-icon elementor-accordion-icon-right\" aria-hidden=\"true\">\n\t\t\t\t\t\t\t\t\t\t\t\t\t\t\t<span class=\"elementor-accordion-icon-closed\"><svg class=\"e-font-icon-svg e-fas-chevron-down\" viewbox=\"0 0 448 512\" xmlns=\"http:\/\/www.w3.org\/2000\/svg\"><path d=\"M207.029 381.476L12.686 187.132c-9.373-9.373-9.373-24.569 0-33.941l22.667-22.667c9.357-9.357 24.522-9.375 33.901-.04L224 284.505l154.745-154.021c9.379-9.335 24.544-9.317 33.901.04l22.667 22.667c9.373 9.373 9.373 24.569 0 33.941L240.971 381.476c-9.373 9.372-24.569 9.372-33.942 0z\"><\/path><\/svg><\/span>\n\t\t\t\t\t\t\t\t<span class=\"elementor-accordion-icon-opened\"><svg class=\"e-font-icon-svg e-fas-chevron-up\" viewbox=\"0 0 448 512\" xmlns=\"http:\/\/www.w3.org\/2000\/svg\"><path d=\"M240.971 130.524l194.343 194.343c9.373 9.373 9.373 24.569 0 33.941l-22.667 22.667c-9.357 9.357-24.522 9.375-33.901.04L224 227.495 69.255 381.516c-9.379 9.335-24.544 9.317-33.901-.04l-22.667-22.667c-9.373-9.373-9.373-24.569 0-33.941L207.03 130.525c9.372-9.373 24.568-9.373 33.941-.001z\"><\/path><\/svg><\/span>\n\t\t\t\t\t\t\t\t\t\t\t\t\t\t<\/span>\n\t\t\t\t\t\t\t\t\t\t\t\t<a class=\"elementor-accordion-title\" tabindex=\"0\">Recommendations<\/a>\n\t\t\t\t\t<\/div>\n\t\t\t\t\t<div id=\"elementor-tab-content-1121\" class=\"elementor-tab-content elementor-clearfix\" data-tab=\"1\" role=\"region\" aria-labelledby=\"elementor-tab-title-1121\"><p>Nota:<\/p><ul><li>Se recomienda con dos d\u00edas de anticipaci\u00f3n antes de tomar el tour<\/li><li>Los pick ups var\u00edan seg\u00fan el lugar de hospedaje y\/o hotel, se confirman un dia antes de la actividad ya sea por tel\u00e9fono y\/o email<\/li><\/ul><\/div>\n\t\t\t\t<\/div>\n\t\t\t\t\t\t\t\t<\/div>\n\t\t\t\t\t\t<\/div>\n\t\t\t\t<\/div>\n\t\t\t\t<\/div>\n\t\t\t\t\t<\/div>\n\t\t\t\t<\/div>\n\t\t<div class=\"elementor-element elementor-element-1560a14 e-con-full e-flex e-con e-parent\" data-id=\"1560a14\" data-element_type=\"container\" data-e-type=\"container\" data-settings=\"{&quot;background_background&quot;:&quot;classic&quot;}\">\n\t\t\t\t<div class=\"elementor-element elementor-element-5b6fa3b elementor-arrows-position-inside elementor-widget elementor-widget-image-carousel\" data-id=\"5b6fa3b\" data-element_type=\"widget\" data-e-type=\"widget\" data-settings=\"{&quot;slides_to_show&quot;:&quot;3&quot;,&quot;navigation&quot;:&quot;arrows&quot;,&quot;slides_to_show_laptop&quot;:&quot;2&quot;,&quot;slides_to_show_mobile&quot;:&quot;1&quot;,&quot;autoplay&quot;:&quot;yes&quot;,&quot;pause_on_hover&quot;:&quot;yes&quot;,&quot;pause_on_interaction&quot;:&quot;yes&quot;,&quot;autoplay_speed&quot;:5000,&quot;infinite&quot;:&quot;yes&quot;,&quot;speed&quot;:500}\" data-widget_type=\"image-carousel.default\">\n\t\t\t\t<div class=\"elementor-widget-container\">\n\t\t\t\t\t\t\t<div class=\"elementor-image-carousel-wrapper swiper\" role=\"region\" aria-roledescription=\"carousel\" aria-label=\"Carrusel de Im\u00e1genes\" dir=\"ltr\">\n\t\t\t<div class=\"elementor-image-carousel swiper-wrapper swiper-image-stretch\" aria-live=\"off\">\n\t\t\t\t\t\t\t\t<div class=\"swiper-slide\" role=\"group\" aria-roledescription=\"slide\" aria-label=\"1 de 4\"><a data-elementor-open-lightbox=\"yes\" data-elementor-lightbox-slideshow=\"5b6fa3b\" data-elementor-lightbox-title=\"xplorfuego-02\" data-e-action-hash=\"#elementor-action%3Aaction%3Dlightbox%26settings%3DeyJpZCI6MTM1NywidXJsIjoiaHR0cHM6XC9cL2JhbGFtLWt1LW14LmNvbVwvd3AtY29udGVudFwvdXBsb2Fkc1wvMjAyNFwvMDlcL3hwbG9yZnVlZ28tMDIuanBnIiwic2xpZGVzaG93IjoiNWI2ZmEzYiJ9\" href=\"https:\/\/balam-ku-mx.com\/wp-content\/uploads\/2024\/09\/xplorfuego-02.jpg\"><figure class=\"swiper-slide-inner\"><img decoding=\"async\" class=\"swiper-slide-image\" src=\"https:\/\/balam-ku-mx.com\/wp-content\/uploads\/2024\/09\/xplorfuego-02.jpg\" alt=\"xplorfuego-02\" \/><\/figure><\/a><\/div><div class=\"swiper-slide\" role=\"group\" aria-roledescription=\"slide\" aria-label=\"2 de 4\"><a data-elementor-open-lightbox=\"yes\" data-elementor-lightbox-slideshow=\"5b6fa3b\" data-elementor-lightbox-title=\"xplorfuego-03\" data-e-action-hash=\"#elementor-action%3Aaction%3Dlightbox%26settings%3DeyJpZCI6MTM1OCwidXJsIjoiaHR0cHM6XC9cL2JhbGFtLWt1LW14LmNvbVwvd3AtY29udGVudFwvdXBsb2Fkc1wvMjAyNFwvMDlcL3hwbG9yZnVlZ28tMDMuanBnIiwic2xpZGVzaG93IjoiNWI2ZmEzYiJ9\" href=\"https:\/\/balam-ku-mx.com\/wp-content\/uploads\/2024\/09\/xplorfuego-03.jpg\"><figure class=\"swiper-slide-inner\"><img decoding=\"async\" class=\"swiper-slide-image\" src=\"https:\/\/balam-ku-mx.com\/wp-content\/uploads\/2024\/09\/xplorfuego-03.jpg\" alt=\"xplorfuego-03\" \/><\/figure><\/a><\/div><div class=\"swiper-slide\" role=\"group\" aria-roledescription=\"slide\" aria-label=\"3 de 4\"><a data-elementor-open-lightbox=\"yes\" data-elementor-lightbox-slideshow=\"5b6fa3b\" data-elementor-lightbox-title=\"xplorfuego-04\" data-e-action-hash=\"#elementor-action%3Aaction%3Dlightbox%26settings%3DeyJpZCI6MTM1OSwidXJsIjoiaHR0cHM6XC9cL2JhbGFtLWt1LW14LmNvbVwvd3AtY29udGVudFwvdXBsb2Fkc1wvMjAyNFwvMDlcL3hwbG9yZnVlZ28tMDQuanBnIiwic2xpZGVzaG93IjoiNWI2ZmEzYiJ9\" href=\"https:\/\/balam-ku-mx.com\/wp-content\/uploads\/2024\/09\/xplorfuego-04.jpg\"><figure class=\"swiper-slide-inner\"><img decoding=\"async\" class=\"swiper-slide-image\" src=\"https:\/\/balam-ku-mx.com\/wp-content\/uploads\/2024\/09\/xplorfuego-04.jpg\" alt=\"xplorfuego-04\" \/><\/figure><\/a><\/div><div class=\"swiper-slide\" role=\"group\" aria-roledescription=\"slide\" aria-label=\"4 de 4\"><a data-elementor-open-lightbox=\"yes\" data-elementor-lightbox-slideshow=\"5b6fa3b\" data-elementor-lightbox-title=\"xplorfuego-01\" data-e-action-hash=\"#elementor-action%3Aaction%3Dlightbox%26settings%3DeyJpZCI6MTM1NiwidXJsIjoiaHR0cHM6XC9cL2JhbGFtLWt1LW14LmNvbVwvd3AtY29udGVudFwvdXBsb2Fkc1wvMjAyNFwvMDlcL3hwbG9yZnVlZ28tMDEuanBnIiwic2xpZGVzaG93IjoiNWI2ZmEzYiJ9\" href=\"https:\/\/balam-ku-mx.com\/wp-content\/uploads\/2024\/09\/xplorfuego-01.jpg\"><figure class=\"swiper-slide-inner\"><img decoding=\"async\" class=\"swiper-slide-image\" src=\"https:\/\/balam-ku-mx.com\/wp-content\/uploads\/2024\/09\/xplorfuego-01.jpg\" alt=\"xplorfuego-01\" \/><\/figure><\/a><\/div>\t\t\t<\/div>\n\t\t\t\t\t\t\t\t\t\t\t\t<div class=\"elementor-swiper-button elementor-swiper-button-prev\" role=\"button\" tabindex=\"0\">\n\t\t\t\t\t\t<svg aria-hidden=\"true\" class=\"e-font-icon-svg e-eicon-chevron-left\" viewbox=\"0 0 1000 1000\" xmlns=\"http:\/\/www.w3.org\/2000\/svg\"><path d=\"M646 125C629 125 613 133 604 142L308 442C296 454 292 471 292 487 292 504 296 521 308 533L604 854C617 867 629 875 646 875 663 875 679 871 692 858 704 846 713 829 713 812 713 796 708 779 692 767L438 487 692 225C700 217 708 204 708 187 708 171 704 154 692 142 675 129 663 125 646 125Z\"><\/path><\/svg>\t\t\t\t\t<\/div>\n\t\t\t\t\t<div class=\"elementor-swiper-button elementor-swiper-button-next\" role=\"button\" tabindex=\"0\">\n\t\t\t\t\t\t<svg aria-hidden=\"true\" class=\"e-font-icon-svg e-eicon-chevron-right\" viewbox=\"0 0 1000 1000\" xmlns=\"http:\/\/www.w3.org\/2000\/svg\"><path d=\"M696 533C708 521 713 504 713 487 713 471 708 454 696 446L400 146C388 133 375 125 354 125 338 125 325 129 313 142 300 154 292 171 292 187 292 204 296 221 308 233L563 492 304 771C292 783 288 800 288 817 288 833 296 850 308 863 321 871 338 875 354 875 371 875 388 867 400 854L696 533Z\"><\/path><\/svg>\t\t\t\t\t<\/div>\n\t\t\t\t\n\t\t\t\t\t\t\t\t\t<\/div>\n\t\t\t\t\t\t<\/div>\n\t\t\t\t<\/div>\n\t\t\t\t<\/div>\n\t\t\t\t<\/div>","protected":false},"excerpt":{"rendered":"<p>Xplor Fuego Atr\u00e9vete a vivir la aventura de noche en Xplor Fuego,\u00a0 Vive la emoci\u00f3n de Toboganxote, el \u00fanico tobog\u00e1n 5 en 1 en el mundo que termina en una piscina de olas. S\u00fabete a un veh\u00edculo anfibio y recorre la selva, vuela por el cielo estrellado en tirolesas, explora el mundo subterr\u00e1neo de la [&hellip;]<\/p>\n","protected":false},"author":1,"featured_media":0,"parent":0,"menu_order":0,"comment_status":"closed","ping_status":"closed","template":"elementor_header_footer","meta":{"_joinchat":[],"footnotes":""},"class_list":["post-769","page","type-page","status-publish","hentry"],"aioseo_notices":[],"_links":{"self":[{"href":"https:\/\/balam-ku-mx.com\/en\/wp-json\/wp\/v2\/pages\/769","targetHints":{"allow":["GET"]}}],"collection":[{"href":"https:\/\/balam-ku-mx.com\/en\/wp-json\/wp\/v2\/pages"}],"about":[{"href":"https:\/\/balam-ku-mx.com\/en\/wp-json\/wp\/v2\/types\/page"}],"author":[{"embeddable":true,"href":"https:\/\/balam-ku-mx.com\/en\/wp-json\/wp\/v2\/users\/1"}],"replies":[{"embeddable":true,"href":"https:\/\/balam-ku-mx.com\/en\/wp-json\/wp\/v2\/comments?post=769"}],"version-history":[{"count":28,"href":"https:\/\/balam-ku-mx.com\/en\/wp-json\/wp\/v2\/pages\/769\/revisions"}],"predecessor-version":[{"id":2236,"href":"https:\/\/balam-ku-mx.com\/en\/wp-json\/wp\/v2\/pages\/769\/revisions\/2236"}],"wp:attachment":[{"href":"https:\/\/balam-ku-mx.com\/en\/wp-json\/wp\/v2\/media?parent=769"}],"curies":[{"name":"wp","href":"https:\/\/api.w.org\/{rel}","templated":true}]}}