{"id":750,"date":"2024-05-27T17:49:12","date_gmt":"2024-05-27T23:49:12","guid":{"rendered":"https:\/\/balam-ku-mx.com\/?page_id=750"},"modified":"2024-11-09T22:10:16","modified_gmt":"2024-11-10T04:10:16","slug":"tulum-akumal-cenote","status":"publish","type":"page","link":"https:\/\/balam-ku-mx.com\/en\/tulum-akumal-cenote\/","title":{"rendered":"Tulum Akumal Cenote"},"content":{"rendered":"<div data-elementor-type=\"wp-page\" data-elementor-id=\"750\" class=\"elementor elementor-750\" data-elementor-post-type=\"page\">\n\t\t\t\t<div class=\"elementor-element elementor-element-3df55a6 e-flex e-con-boxed e-con e-parent\" data-id=\"3df55a6\" data-element_type=\"container\" data-e-type=\"container\" data-settings=\"{&quot;background_background&quot;:&quot;classic&quot;}\">\n\t\t\t\t\t<div class=\"e-con-inner\">\n\t\t<div class=\"elementor-element elementor-element-490350a e-con-full e-flex e-con e-child\" data-id=\"490350a\" data-element_type=\"container\" data-e-type=\"container\">\n\t\t\t\t<div class=\"elementor-element elementor-element-1fb26a5 elementor-invisible elementor-widget elementor-widget-heading\" data-id=\"1fb26a5\" data-element_type=\"widget\" data-e-type=\"widget\" data-settings=\"{&quot;_animation&quot;:&quot;fadeInUp&quot;}\" data-widget_type=\"heading.default\">\n\t\t\t\t<div class=\"elementor-widget-container\">\n\t\t\t\t\t<h2 class=\"elementor-heading-title elementor-size-default\">Tulum Akumal Cenote<\/h2>\t\t\t\t<\/div>\n\t\t\t\t<\/div>\n\t\t\t\t<div class=\"elementor-element elementor-element-cf93f05 animated-slow elementor-invisible elementor-widget elementor-widget-text-editor\" data-id=\"cf93f05\" data-element_type=\"widget\" data-e-type=\"widget\" data-settings=\"{&quot;_animation&quot;:&quot;fadeInUp&quot;}\" data-widget_type=\"text-editor.default\">\n\t\t\t\t<div class=\"elementor-widget-container\">\n\t\t\t\t\t\t\t\t\t<p>Visitaremos la zona arqueol\u00f3gica de tulum cerca de las playa, despu\u00e9s iremos a la bah\u00eda de akumal donde haremos snorkel con la tortugas y por \u00faltimo tendremos el nado en un cenote.<\/p><p><strong>Duraci\u00f3n del tour 8 horas aproximadamente<\/strong><\/p>\t\t\t\t\t\t\t\t<\/div>\n\t\t\t\t<\/div>\n\t\t\t\t<div class=\"elementor-element elementor-element-6b8ade7 animated-slow elementor-invisible elementor-widget elementor-widget-accordion\" data-id=\"6b8ade7\" data-element_type=\"widget\" data-e-type=\"widget\" data-settings=\"{&quot;_animation&quot;:&quot;fadeInUp&quot;}\" data-widget_type=\"accordion.default\">\n\t\t\t\t<div class=\"elementor-widget-container\">\n\t\t\t\t\t\t\t<div class=\"elementor-accordion\">\n\t\t\t\t\t\t\t<div class=\"elementor-accordion-item\">\n\t\t\t\t\t<div id=\"elementor-tab-title-1121\" class=\"elementor-tab-title\" data-tab=\"1\" role=\"button\" aria-controls=\"elementor-tab-content-1121\" aria-expanded=\"false\">\n\t\t\t\t\t\t\t\t\t\t\t\t\t<span class=\"elementor-accordion-icon elementor-accordion-icon-right\" aria-hidden=\"true\">\n\t\t\t\t\t\t\t\t\t\t\t\t\t\t\t<span class=\"elementor-accordion-icon-closed\"><svg class=\"e-font-icon-svg e-fas-chevron-down\" viewbox=\"0 0 448 512\" xmlns=\"http:\/\/www.w3.org\/2000\/svg\"><path d=\"M207.029 381.476L12.686 187.132c-9.373-9.373-9.373-24.569 0-33.941l22.667-22.667c9.357-9.357 24.522-9.375 33.901-.04L224 284.505l154.745-154.021c9.379-9.335 24.544-9.317 33.901.04l22.667 22.667c9.373 9.373 9.373 24.569 0 33.941L240.971 381.476c-9.373 9.372-24.569 9.372-33.942 0z\"><\/path><\/svg><\/span>\n\t\t\t\t\t\t\t\t<span class=\"elementor-accordion-icon-opened\"><svg class=\"e-font-icon-svg e-fas-chevron-up\" viewbox=\"0 0 448 512\" xmlns=\"http:\/\/www.w3.org\/2000\/svg\"><path d=\"M240.971 130.524l194.343 194.343c9.373 9.373 9.373 24.569 0 33.941l-22.667 22.667c-9.357 9.357-24.522 9.375-33.901.04L224 227.495 69.255 381.516c-9.379 9.335-24.544 9.317-33.901-.04l-22.667-22.667c-9.373-9.373-9.373-24.569 0-33.941L207.03 130.525c9.372-9.373 24.568-9.373 33.941-.001z\"><\/path><\/svg><\/span>\n\t\t\t\t\t\t\t\t\t\t\t\t\t\t<\/span>\n\t\t\t\t\t\t\t\t\t\t\t\t<a class=\"elementor-accordion-title\" tabindex=\"0\">Recommendations<\/a>\n\t\t\t\t\t<\/div>\n\t\t\t\t\t<div id=\"elementor-tab-content-1121\" class=\"elementor-tab-content elementor-clearfix\" data-tab=\"1\" role=\"region\" aria-labelledby=\"elementor-tab-title-1121\"><ul><li>Dinero en efectivo o tarjeta de cr\u00e9dito o d\u00e9bito para la compra de recuerdos y\/o propinas<\/li><li>Traje de ba\u00f1o, toalla y un conjunto de ropa extra.<\/li><li>Protector solar biodegradable<\/li><li>Repelente de insectos biodegradable<\/li><li>Zapatos acu\u00e1ticos y\/o sandalias.<\/li><li>C\u00e1mara fotogr\u00e1fica (con excepci\u00f3n de c\u00e1maras de video en la zona arqueol\u00f3gica<\/li><\/ul><p>\u00a0<\/p><p>Nota:<\/p><ul><li>El orden de las actividades var\u00eda seg\u00fan la operaci\u00f3n, esta actividad est\u00e1 sujeta a condiciones climatol\u00f3gicas<\/li><li>se recomienda con dos d\u00edas de anticipaci\u00f3n antes de tomar el tour<\/li><li>Los pick ups var\u00edan seg\u00fan el lugar de hospedaje y\/o hotel, se confirman un dia antes de la actividad ya sea por tel\u00e9fono y\/o email<\/li><\/ul><\/div>\n\t\t\t\t<\/div>\n\t\t\t\t\t\t\t\t<\/div>\n\t\t\t\t\t\t<\/div>\n\t\t\t\t<\/div>\n\t\t\t\t<\/div>\n\t\t<div class=\"elementor-element elementor-element-fb4fb91 e-con-full e-flex elementor-invisible e-con e-child\" data-id=\"fb4fb91\" data-element_type=\"container\" data-e-type=\"container\" data-settings=\"{&quot;animation&quot;:&quot;fadeInRight&quot;}\">\n\t\t<div class=\"elementor-element elementor-element-c34764e e-flex e-con-boxed e-con e-child\" data-id=\"c34764e\" data-element_type=\"container\" data-e-type=\"container\" data-settings=\"{&quot;background_background&quot;:&quot;classic&quot;}\">\n\t\t\t\t\t<div class=\"e-con-inner\">\n\t\t\t\t<div class=\"elementor-element elementor-element-678bb3f elementor-invisible elementor-widget elementor-widget-heading\" data-id=\"678bb3f\" data-element_type=\"widget\" data-e-type=\"widget\" data-settings=\"{&quot;_animation&quot;:&quot;fadeInUp&quot;}\" data-widget_type=\"heading.default\">\n\t\t\t\t<div class=\"elementor-widget-container\">\n\t\t\t\t\t<h3 class=\"elementor-heading-title elementor-size-default\">What\u2019s Included?<\/h3>\t\t\t\t<\/div>\n\t\t\t\t<\/div>\n\t\t\t\t<div class=\"elementor-element elementor-element-7c4d4d3 animated-slow elementor-invisible elementor-widget elementor-widget-text-editor\" data-id=\"7c4d4d3\" data-element_type=\"widget\" data-e-type=\"widget\" data-settings=\"{&quot;_animation&quot;:&quot;fadeInUp&quot;}\" data-widget_type=\"text-editor.default\">\n\t\t\t\t<div class=\"elementor-widget-container\">\n\t\t\t\t\t\t\t\t\t<ul><li>Transportaci\u00f3n en vans con aire acondicionado<\/li><li>Gu\u00eda arqueol\u00f3gico en Tulum<\/li><li>Gu\u00eda acu\u00e1tico en cenote caverna<\/li><li>Gu\u00eda acu\u00e1tico para encuentro con tortugas<\/li><li>Equipo de snorkel<\/li><li>Lunch a la carta con 1 bebida de cortes\u00eda (agua, soda o cerveza)<\/li><li>Bebidas a bordo de la transportaci\u00f3n (aguas, sodas y cerveza)<\/li><li>Repelente biodegradable<\/li><li>Seguros<\/li><li>tax incluido<\/li><\/ul>\t\t\t\t\t\t\t\t<\/div>\n\t\t\t\t<\/div>\n\t\t\t\t\t<\/div>\n\t\t\t\t<\/div>\n\t\t<div class=\"elementor-element elementor-element-6deb937 e-con-full e-flex e-con e-child\" data-id=\"6deb937\" data-element_type=\"container\" data-e-type=\"container\" data-settings=\"{&quot;background_background&quot;:&quot;classic&quot;}\">\n\t\t\t\t<div class=\"elementor-element elementor-element-ac0af92 elementor-invisible elementor-widget elementor-widget-heading\" data-id=\"ac0af92\" data-element_type=\"widget\" data-e-type=\"widget\" data-settings=\"{&quot;_animation&quot;:&quot;fadeInUp&quot;}\" data-widget_type=\"heading.default\">\n\t\t\t\t<div class=\"elementor-widget-container\">\n\t\t\t\t\t<h3 class=\"elementor-heading-title elementor-size-default\">Prices<\/h3>\t\t\t\t<\/div>\n\t\t\t\t<\/div>\n\t\t\t\t<div class=\"elementor-element elementor-element-97230ca animated-slow elementor-list-item-link-full_width elementor-invisible elementor-widget elementor-widget-icon-list\" data-id=\"97230ca\" data-element_type=\"widget\" data-e-type=\"widget\" data-settings=\"{&quot;_animation&quot;:&quot;fadeInUp&quot;}\" data-widget_type=\"icon-list.default\">\n\t\t\t\t<div class=\"elementor-widget-container\">\n\t\t\t\t\t\t\t<ul class=\"elementor-icon-list-items\">\n\t\t\t\t\t\t\t<li class=\"elementor-icon-list-item\">\n\t\t\t\t\t\t\t\t\t\t\t<span class=\"elementor-icon-list-icon\">\n\t\t\t\t\t\t\t<svg xmlns=\"http:\/\/www.w3.org\/2000\/svg\" id=\"Layer_1\" height=\"512\" viewbox=\"0 0 177.525 233.779\" width=\"512\"><g><path d=\"m97.649 223.779c0 5.523 4.477 10 10 10 5.521 0 10-4.477 10-10v-49.544c-7.704-.098-14.383-.855-20-1.898z\"><\/path><path d=\"m120.983 223.779c0 5.523 4.475 10 10 10 5.52 0 10-4.477 10-10v-51.442c-5.617 1.043-12.295 1.801-20 1.898z\"><\/path><path d=\"m154.23 68.041c-8.417-9.855-16.515-12.007-18.704-12.36-.484-.119-1.322-.32-2.422-.551-3.891 2.817-8.653 4.458-13.77 4.458-1.789 0-3.588-.207-5.344-.617-3.096-.721-5.953-2.034-8.452-3.844-1.104.231-1.948.434-2.433.554-1.967.317-8.709 2.106-16.162 9.613 1.945 4.13 3.549 8.923 4.822 14.401.477-.662.947-1.284 1.412-1.868l-.876 4.303c2.095 10.113 3.145 22.408 3.165 37.099-.002 6.168-.191 12.816-.564 19.764-.301 5.572-4.904 9.938-10.481 9.938-.184 0-.365-.004-.549-.014-1.779-.097-3.43-.634-4.855-1.493l-3.035 14.913s.186.109.533.297c2.873 1.546 17.535 8.703 42.799 8.703 25.266 0 39.93-7.157 42.802-8.703.347-.188.532-.297.532-.297l-17.19-84.497c.082.102.16.191.242.295 6.715 8.586 14.768 25.152 18.879 56.378.471 3.559 3.734 6.064 7.295 5.595 3.559-.47 6.064-3.734 5.595-7.294-4.611-34.938-14.097-54.12-23.239-64.773z\"><\/path><ellipse cx=\"119.317\" cy=\"36.088\" rx=\"21.496\" ry=\"21.495\" transform=\"matrix(.227 -.974 .974 .227 57.109 144.112)\"><\/ellipse><path d=\"m71.237 126.82v-1.381h-50v1.381 93.578c0 6.313 5.117 11.428 11.428 11.428s11.43-5.115 11.43-11.428v-85.85h4.285v85.85c0 6.313 5.117 11.428 11.428 11.428s11.43-5.115 11.43-11.428v-93.578z\"><\/path><path d=\"m84.015 145.918c.137.008.271.012.408.012 3.959 0 7.268-3.1 7.484-7.098.381-7.113.559-13.627.561-19.598-.043-30.236-4.416-46.684-10.256-56.51-2.924-4.885-6.355-8.051-9.617-9.844-3.256-1.813-6.184-2.188-7.816-2.178-.154 0-.277.006-.408.012-.094-.004-.184-.016-.277-.016h-6.215c-.896 9.097-11.433 16.282-11.433 16.282s-10.537-7.186-11.434-16.281h-6.632c-.094 0-.186.012-.277.016-.133-.006-.258-.012-.412-.012-1.633-.01-4.563.367-7.816 2.178-4.943 2.717-10.051 8.41-13.683 18.564-3.672 10.207-6.182 25.098-6.192 47.789 0 5.971.178 12.486.564 19.6.215 3.998 3.526 7.096 7.483 7.096.137 0 .274-.004.413-.012 4.134-.225 7.304-3.76 7.081-7.896-.373-6.869-.545-13.113-.543-18.787-.034-23.975 3.087-37.735 6.239-45.092v38.162 8.854h50v-8.854-38.112c.045.102.088.191.133.297 3.129 7.418 6.113 21.154 6.096 44.744.002 5.676-.168 11.922-.537 18.791-.225 4.137 2.949 7.668 7.086 7.893z\"><\/path><path d=\"m35.907 42.486c3.094 1.604 6.604 2.514 10.328 2.514 3.871 0 7.512-.979 10.691-2.697 7.034-3.805 11.809-11.244 11.809-19.803 0-12.426-10.072-22.5-22.5-22.5-12.426 0-22.5 10.074-22.5 22.5 0 8.703 4.944 16.244 12.172 19.986z\"><\/path><\/g><\/svg>\t\t\t\t\t\t<\/span>\n\t\t\t\t\t\t\t\t\t\t<span class=\"elementor-icon-list-text\">Precio Adulto 139 USD<\/span>\n\t\t\t\t\t\t\t\t\t<\/li>\n\t\t\t\t\t\t\t\t<li class=\"elementor-icon-list-item\">\n\t\t\t\t\t\t\t\t\t\t\t<span class=\"elementor-icon-list-icon\">\n\t\t\t\t\t\t\t<svg xmlns=\"http:\/\/www.w3.org\/2000\/svg\" xmlns:xlink=\"http:\/\/www.w3.org\/1999\/xlink\" id=\"Capa_1\" x=\"0px\" y=\"0px\" width=\"124.389px\" height=\"124.389px\" viewbox=\"0 0 124.389 124.389\" style=\"enable-background:new 0 0 124.389 124.389;\" xml:space=\"preserve\"><g>\t<g>\t\t<path d=\"M67.426,44.438c0,5.01,4.058,9.069,9.065,9.069c5.013,0,9.07-4.06,9.07-9.069c0-5.007-4.059-9.068-9.07-9.068   C71.484,35.37,67.426,39.431,67.426,44.438z\"><\/path>\t\t<path d=\"M95.648,81.027c-2.105-14.361-5.293-20.514-13.121-25.311c-0.152-0.094-0.313-0.16-0.473-0.229   c-1.009-0.675-2.145-1.169-3.302-1.454l-2.261,2.275l-2.189-2.302c-0.005,0.002-0.013,0.004-0.021,0.006   c-1.676,0.4-3.305,1.252-4.578,2.444C62.71,61.16,59.73,67.391,57.731,81.025c-0.281,1.922,1.049,3.711,2.973,3.994   c0.176,0.022,0.346,0.037,0.518,0.037c1.717,0,3.223-1.26,3.479-3.012c0.719-4.902,1.552-8.488,2.511-11.195v11.088   c0,0.946,0.185,1.832,0.508,2.645c-0.026,0.183-0.042,0.367-0.042,0.556l0.001,33.722c0,2.297,1.864,4.16,4.162,4.16   c2.299,0,4.161-1.865,4.161-4.16L76,89.921c0.165,0.009,0.329,0.022,0.494,0.022c0.033,0,0.064-0.006,0.099-0.006l-0.002,28.922   c0,2.295,1.863,4.16,4.162,4.16c0.001,0,0.001,0,0.001,0c2.298,0,4.16-1.865,4.16-4.16l0.002-33.515   c0.544-1.011,0.863-2.153,0.863-3.405V69.811c1.125,2.812,2.086,6.678,2.9,12.236c0.258,1.752,1.762,3.012,3.479,3.012   c0.171,0,0.342-0.015,0.517-0.037C94.598,84.738,95.93,82.949,95.648,81.027z\"><\/path>\t\t<path d=\"M55.484,80.449c-0.093,0.638-0.073,1.262,0.034,1.859V80.23C55.506,80.307,55.496,80.375,55.484,80.449z\"><\/path>\t\t<circle cx=\"55.38\" cy=\"12.871\" r=\"12.871\"><\/circle>\t\t<path d=\"M83.24,53.285c0.17,0.081,0.328,0.157,0.477,0.247c2.025,1.241,3.766,2.584,5.277,4.107   c0.146-0.073,0.295-0.145,0.435-0.234c2.325-1.484,3.007-4.573,1.521-6.899c-1.051-1.649-2.149-3.136-3.274-4.508   C87.191,48.97,85.56,51.561,83.24,53.285z\"><\/path>\t\t<path d=\"M65.406,85.277c-1.244,1.305-3.086,2.01-5.01,1.746c-2.54-0.373-4.445-2.332-4.877-4.715l-0.002,36.174   c0,3.262,2.645,5.905,5.907,5.905c2.016,0,3.793-1.011,4.857-2.553c-0.553-0.948-0.875-2.05-0.875-3.226V85.277z\"><\/path>\t\t<path d=\"M68.29,54.423c0.084-0.076,0.177-0.145,0.267-0.219v-1.96c-2.091-2.054-3.4-4.896-3.4-8.054   c0-4.785,2.983-8.88,7.186-10.542c-1.04-0.596-2.07-1.165-3.078-1.726c-1.852-1.024-3.601-1.991-5.32-3.048   c-0.215-0.132-0.442-0.227-0.667-0.323c-1.435-0.956-3.044-1.659-4.687-2.063l-3.207,3.229l-3.108-3.262   c-0.011,0.002-0.022,0.002-0.032,0.004c-2.378,0.568-4.69,1.775-6.499,3.469c-9.923,6.676-14.148,15.52-16.986,34.865   c-0.401,2.73,1.488,5.27,4.22,5.669c0.245,0.036,0.489,0.054,0.731,0.054c2.438,0,4.573-1.787,4.938-4.271   c1.021-6.96,2.201-12.044,3.563-15.888v15.733c0,1.347,0.262,2.601,0.72,3.753c-0.037,0.262-0.062,0.521-0.062,0.791l0.004,47.85   c0,3.264,2.646,5.906,5.907,5.906c3.263,0,5.904-2.645,5.904-5.906L54.678,77.42c0.235,0.01,0.47,0.027,0.703,0.027   c0.047,0,0.093-0.004,0.139-0.006v2.789C57.626,66.035,60.868,59.47,68.29,54.423z\"><\/path>\t<\/g><\/g><g><\/g><g><\/g><g><\/g><g><\/g><g><\/g><g><\/g><g><\/g><g><\/g><g><\/g><g><\/g><g><\/g><g><\/g><g><\/g><g><\/g><g><\/g><\/svg>\t\t\t\t\t\t<\/span>\n\t\t\t\t\t\t\t\t\t\t<span class=\"elementor-icon-list-text\">Precio Menor 129 USD (de 5 a 10 a\u00f1os)<\/span>\n\t\t\t\t\t\t\t\t\t<\/li>\n\t\t\t\t\t\t<\/ul>\n\t\t\t\t\t\t<\/div>\n\t\t\t\t<\/div>\n\t\t\t\t<div class=\"elementor-element elementor-element-ef39c9a elementor-invisible elementor-widget elementor-widget-heading\" data-id=\"ef39c9a\" data-element_type=\"widget\" data-e-type=\"widget\" data-settings=\"{&quot;_animation&quot;:&quot;fadeInUp&quot;}\" data-widget_type=\"heading.default\">\n\t\t\t\t<div class=\"elementor-widget-container\">\n\t\t\t\t\t<h3 class=\"elementor-heading-title elementor-size-default\">Frecuencia<\/h3>\t\t\t\t<\/div>\n\t\t\t\t<\/div>\n\t\t\t\t<div class=\"elementor-element elementor-element-c4dd6b7 animated-slow elementor-invisible elementor-widget elementor-widget-text-editor\" data-id=\"c4dd6b7\" data-element_type=\"widget\" data-e-type=\"widget\" data-settings=\"{&quot;_animation&quot;:&quot;fadeInUp&quot;}\" data-widget_type=\"text-editor.default\">\n\t\t\t\t<div class=\"elementor-widget-container\">\n\t\t\t\t\t\t\t\t\t<p>Todos los d\u00edas<\/p>\t\t\t\t\t\t\t\t<\/div>\n\t\t\t\t<\/div>\n\t\t\t\t<div class=\"elementor-element elementor-element-a56bad1 elementor-invisible elementor-widget elementor-widget-heading\" data-id=\"a56bad1\" data-element_type=\"widget\" data-e-type=\"widget\" data-settings=\"{&quot;_animation&quot;:&quot;fadeInUp&quot;}\" data-widget_type=\"heading.default\">\n\t\t\t\t<div class=\"elementor-widget-container\">\n\t\t\t\t\t<h3 class=\"elementor-heading-title elementor-size-default\">Idiomas<\/h3>\t\t\t\t<\/div>\n\t\t\t\t<\/div>\n\t\t\t\t<div class=\"elementor-element elementor-element-0f8b6ed animated-slow elementor-invisible elementor-widget elementor-widget-text-editor\" data-id=\"0f8b6ed\" data-element_type=\"widget\" data-e-type=\"widget\" data-settings=\"{&quot;_animation&quot;:&quot;fadeInUp&quot;}\" data-widget_type=\"text-editor.default\">\n\t\t\t\t<div class=\"elementor-widget-container\">\n\t\t\t\t\t\t\t\t\t<p><strong>Italiano, franc\u00e9s y alem\u00e1n <\/strong>a confirmar d\u00eda<\/p><p><strong>Espa\u00f1ol e ingl\u00e9s todos los d\u00edas<\/strong><\/p>\t\t\t\t\t\t\t\t<\/div>\n\t\t\t\t<\/div>\n\t\t\t\t<div class=\"elementor-element elementor-element-b4cef48 elementor-widget elementor-widget-button\" data-id=\"b4cef48\" data-element_type=\"widget\" data-e-type=\"widget\" data-widget_type=\"button.default\">\n\t\t\t\t<div class=\"elementor-widget-container\">\n\t\t\t\t\t\t\t\t\t<div class=\"elementor-button-wrapper\">\n\t\t\t\t\t<a class=\"elementor-button elementor-button-link elementor-size-sm elementor-animation-grow\" href=\"https:\/\/balam-ku-mx.com\/reserva\/\">\n\t\t\t\t\t\t<span class=\"elementor-button-content-wrapper\">\n\t\t\t\t\t\t\t\t\t<span class=\"elementor-button-text\">BOOK NOW<\/span>\n\t\t\t\t\t<\/span>\n\t\t\t\t\t<\/a>\n\t\t\t\t<\/div>\n\t\t\t\t\t\t\t\t<\/div>\n\t\t\t\t<\/div>\n\t\t\t\t<\/div>\n\t\t\t\t<\/div>\n\t\t\t\t\t<\/div>\n\t\t\t\t<\/div>\n\t\t<div class=\"elementor-element elementor-element-1560a14 e-con-full e-flex e-con e-parent\" data-id=\"1560a14\" data-element_type=\"container\" data-e-type=\"container\" data-settings=\"{&quot;background_background&quot;:&quot;classic&quot;}\">\n\t\t\t\t<div class=\"elementor-element elementor-element-5b6fa3b elementor-arrows-position-inside elementor-widget elementor-widget-image-carousel\" data-id=\"5b6fa3b\" data-element_type=\"widget\" data-e-type=\"widget\" data-settings=\"{&quot;slides_to_show&quot;:&quot;3&quot;,&quot;navigation&quot;:&quot;arrows&quot;,&quot;slides_to_show_laptop&quot;:&quot;2&quot;,&quot;slides_to_show_mobile&quot;:&quot;1&quot;,&quot;autoplay&quot;:&quot;yes&quot;,&quot;pause_on_hover&quot;:&quot;yes&quot;,&quot;pause_on_interaction&quot;:&quot;yes&quot;,&quot;autoplay_speed&quot;:5000,&quot;infinite&quot;:&quot;yes&quot;,&quot;speed&quot;:500}\" data-widget_type=\"image-carousel.default\">\n\t\t\t\t<div class=\"elementor-widget-container\">\n\t\t\t\t\t\t\t<div class=\"elementor-image-carousel-wrapper swiper\" role=\"region\" aria-roledescription=\"carousel\" aria-label=\"Image Carousel\" dir=\"ltr\">\n\t\t\t<div class=\"elementor-image-carousel swiper-wrapper swiper-image-stretch\" aria-live=\"off\">\n\t\t\t\t\t\t\t\t<div class=\"swiper-slide\" role=\"group\" aria-roledescription=\"slide\" aria-label=\"1 of 3\" data-no-translation-aria-label=\"\"><a data-elementor-open-lightbox=\"yes\" data-elementor-lightbox-slideshow=\"5b6fa3b\" data-elementor-lightbox-title=\"image-1\" data-e-action-hash=\"#elementor-action%3Aaction%3Dlightbox%26settings%3DeyJpZCI6NDA2LCJ1cmwiOiJodHRwczpcL1wvYmFsYW0ta3UtbXguY29tXC93cC1jb250ZW50XC91cGxvYWRzXC8yMDI0XC8wNVwvaW1hZ2UtMS0xLmpwZyIsInNsaWRlc2hvdyI6IjViNmZhM2IifQ%3D%3D\" href=\"https:\/\/balam-ku-mx.com\/wp-content\/uploads\/2024\/05\/image-1-1.jpg\"><figure class=\"swiper-slide-inner\"><img decoding=\"async\" class=\"swiper-slide-image\" src=\"https:\/\/balam-ku-mx.com\/wp-content\/uploads\/2024\/05\/image-1-1.jpg\" alt=\"image-1\" \/><\/figure><\/a><\/div><div class=\"swiper-slide\" role=\"group\" aria-roledescription=\"slide\" aria-label=\"2 of 3\" data-no-translation-aria-label=\"\"><a data-elementor-open-lightbox=\"yes\" data-elementor-lightbox-slideshow=\"5b6fa3b\" data-elementor-lightbox-title=\"image-2\" data-e-action-hash=\"#elementor-action%3Aaction%3Dlightbox%26settings%3DeyJpZCI6NDA3LCJ1cmwiOiJodHRwczpcL1wvYmFsYW0ta3UtbXguY29tXC93cC1jb250ZW50XC91cGxvYWRzXC8yMDI0XC8wNVwvaW1hZ2UtMi0xLmpwZyIsInNsaWRlc2hvdyI6IjViNmZhM2IifQ%3D%3D\" href=\"https:\/\/balam-ku-mx.com\/wp-content\/uploads\/2024\/05\/image-2-1.jpg\"><figure class=\"swiper-slide-inner\"><img decoding=\"async\" class=\"swiper-slide-image\" src=\"https:\/\/balam-ku-mx.com\/wp-content\/uploads\/2024\/05\/image-2-1.jpg\" alt=\"image-2\" \/><\/figure><\/a><\/div><div class=\"swiper-slide\" role=\"group\" aria-roledescription=\"slide\" aria-label=\"3 of 3\" data-no-translation-aria-label=\"\"><a data-elementor-open-lightbox=\"yes\" data-elementor-lightbox-slideshow=\"5b6fa3b\" data-elementor-lightbox-title=\"image-3\" data-e-action-hash=\"#elementor-action%3Aaction%3Dlightbox%26settings%3DeyJpZCI6NDA4LCJ1cmwiOiJodHRwczpcL1wvYmFsYW0ta3UtbXguY29tXC93cC1jb250ZW50XC91cGxvYWRzXC8yMDI0XC8wNVwvaW1hZ2UtMy5qcGciLCJzbGlkZXNob3ciOiI1YjZmYTNiIn0%3D\" href=\"https:\/\/balam-ku-mx.com\/wp-content\/uploads\/2024\/05\/image-3.jpg\"><figure class=\"swiper-slide-inner\"><img decoding=\"async\" class=\"swiper-slide-image\" src=\"https:\/\/balam-ku-mx.com\/wp-content\/uploads\/2024\/05\/image-3.jpg\" alt=\"image-3\" \/><\/figure><\/a><\/div>\t\t\t<\/div>\n\t\t\t\t\t\t\t\t\t\t\t\t<div class=\"elementor-swiper-button elementor-swiper-button-prev\" role=\"button\" tabindex=\"0\">\n\t\t\t\t\t\t<svg aria-hidden=\"true\" class=\"e-font-icon-svg e-eicon-chevron-left\" viewbox=\"0 0 1000 1000\" xmlns=\"http:\/\/www.w3.org\/2000\/svg\"><path d=\"M646 125C629 125 613 133 604 142L308 442C296 454 292 471 292 487 292 504 296 521 308 533L604 854C617 867 629 875 646 875 663 875 679 871 692 858 704 846 713 829 713 812 713 796 708 779 692 767L438 487 692 225C700 217 708 204 708 187 708 171 704 154 692 142 675 129 663 125 646 125Z\"><\/path><\/svg>\t\t\t\t\t<\/div>\n\t\t\t\t\t<div class=\"elementor-swiper-button elementor-swiper-button-next\" role=\"button\" tabindex=\"0\">\n\t\t\t\t\t\t<svg aria-hidden=\"true\" class=\"e-font-icon-svg e-eicon-chevron-right\" viewbox=\"0 0 1000 1000\" xmlns=\"http:\/\/www.w3.org\/2000\/svg\"><path d=\"M696 533C708 521 713 504 713 487 713 471 708 454 696 446L400 146C388 133 375 125 354 125 338 125 325 129 313 142 300 154 292 171 292 187 292 204 296 221 308 233L563 492 304 771C292 783 288 800 288 817 288 833 296 850 308 863 321 871 338 875 354 875 371 875 388 867 400 854L696 533Z\"><\/path><\/svg>\t\t\t\t\t<\/div>\n\t\t\t\t\n\t\t\t\t\t\t\t\t\t<\/div>\n\t\t\t\t\t\t<\/div>\n\t\t\t\t<\/div>\n\t\t\t\t<\/div>\n\t\t\t\t<\/div>","protected":false},"excerpt":{"rendered":"<p>Tulum Akumal Cenote Visitaremos la zona arqueol\u00f3gica de tulum cerca de las playa, despu\u00e9s iremos a la bah\u00eda de akumal donde haremos snorkel con la tortugas y por \u00faltimo tendremos el nado en un cenote. Duraci\u00f3n del tour 8 horas aproximadamente Recomendaciones Dinero en efectivo o tarjeta de cr\u00e9dito o d\u00e9bito para la compra de [&hellip;]<\/p>\n","protected":false},"author":1,"featured_media":0,"parent":0,"menu_order":0,"comment_status":"closed","ping_status":"closed","template":"elementor_header_footer","meta":{"_joinchat":[],"footnotes":""},"class_list":["post-750","page","type-page","status-publish","hentry"],"aioseo_notices":[],"_links":{"self":[{"href":"https:\/\/balam-ku-mx.com\/en\/wp-json\/wp\/v2\/pages\/750","targetHints":{"allow":["GET"]}}],"collection":[{"href":"https:\/\/balam-ku-mx.com\/en\/wp-json\/wp\/v2\/pages"}],"about":[{"href":"https:\/\/balam-ku-mx.com\/en\/wp-json\/wp\/v2\/types\/page"}],"author":[{"embeddable":true,"href":"https:\/\/balam-ku-mx.com\/en\/wp-json\/wp\/v2\/users\/1"}],"replies":[{"embeddable":true,"href":"https:\/\/balam-ku-mx.com\/en\/wp-json\/wp\/v2\/comments?post=750"}],"version-history":[{"count":13,"href":"https:\/\/balam-ku-mx.com\/en\/wp-json\/wp\/v2\/pages\/750\/revisions"}],"predecessor-version":[{"id":1640,"href":"https:\/\/balam-ku-mx.com\/en\/wp-json\/wp\/v2\/pages\/750\/revisions\/1640"}],"wp:attachment":[{"href":"https:\/\/balam-ku-mx.com\/en\/wp-json\/wp\/v2\/media?parent=750"}],"curies":[{"name":"wp","href":"https:\/\/api.w.org\/{rel}","templated":true}]}}